{"id":896,"date":"2020-11-25T11:42:03","date_gmt":"2020-11-25T11:42:03","guid":{"rendered":"https:\/\/centralmotocar.com.br\/?page_id=896"},"modified":"2022-03-29T20:40:58","modified_gmt":"2022-03-29T23:40:58","slug":"sobre-nos","status":"publish","type":"page","link":"https:\/\/centralmotocar.com.br\/?page_id=896","title":{"rendered":"Sobre n\u00f3s"},"content":{"rendered":"\t\t<div data-elementor-type=\"wp-page\" data-elementor-id=\"896\" class=\"elementor elementor-896\" data-elementor-post-type=\"page\">\n\t\t\t\t\t\t<section class=\"elementor-section elementor-top-section elementor-element elementor-element-2261640 elementor-section-boxed elementor-section-height-default elementor-section-height-default\" data-id=\"2261640\" data-element_type=\"section\">\n\t\t\t\t\t\t<div class=\"elementor-container elementor-column-gap-no\">\n\t\t\t\t\t<div class=\"elementor-column elementor-col-100 elementor-top-column elementor-element elementor-element-38152f2\" data-id=\"38152f2\" data-element_type=\"column\">\n\t\t\t<div class=\"elementor-widget-wrap elementor-element-populated\">\n\t\t\t\t\t\t<section class=\"elementor-section elementor-inner-section elementor-element elementor-element-f53badd elementor-section-boxed elementor-section-height-default elementor-section-height-default\" data-id=\"f53badd\" data-element_type=\"section\">\n\t\t\t\t\t\t<div class=\"elementor-container elementor-column-gap-no\">\n\t\t\t\t\t<div class=\"elementor-column elementor-col-50 elementor-inner-column elementor-element elementor-element-2d0ff9c\" data-id=\"2d0ff9c\" data-element_type=\"column\">\n\t\t\t<div class=\"elementor-widget-wrap elementor-element-populated\">\n\t\t\t\t\t\t<div class=\"elementor-element elementor-element-98f2b28 elementor-widget elementor-widget-heading\" data-id=\"98f2b28\" data-element_type=\"widget\" data-widget_type=\"heading.default\">\n\t\t\t\t<div class=\"elementor-widget-container\">\n\t\t\t\t\t<h1 class=\"elementor-heading-title elementor-size-default\">neg\u00f3cio de familia <\/h1>\t\t\t\t<\/div>\n\t\t\t\t<\/div>\n\t\t\t\t<div class=\"elementor-element elementor-element-e77e154 elementor-widget-divider--view-line elementor-widget elementor-widget-divider\" data-id=\"e77e154\" data-element_type=\"widget\" data-widget_type=\"divider.default\">\n\t\t\t\t<div class=\"elementor-widget-container\">\n\t\t\t\t\t\t\t<div class=\"elementor-divider\">\n\t\t\t<span class=\"elementor-divider-separator\">\n\t\t\t\t\t\t<\/span>\n\t\t<\/div>\n\t\t\t\t\t\t<\/div>\n\t\t\t\t<\/div>\n\t\t\t\t\t<\/div>\n\t\t<\/div>\n\t\t\t\t<div class=\"elementor-column elementor-col-50 elementor-inner-column elementor-element elementor-element-f390368\" data-id=\"f390368\" data-element_type=\"column\">\n\t\t\t<div class=\"elementor-widget-wrap elementor-element-populated\">\n\t\t\t\t\t\t<div class=\"elementor-element elementor-element-137f3af elementor-widget elementor-widget-text-editor\" data-id=\"137f3af\" data-element_type=\"widget\" data-widget_type=\"text-editor.default\">\n\t\t\t\t<div class=\"elementor-widget-container\">\n\t\t\t\t\t\t\t\t\t<p>A garantia de um bom atendimento aliada a muito conhecimento para satisfazer nossos clientes\u00a0<\/p>\t\t\t\t\t\t\t\t<\/div>\n\t\t\t\t<\/div>\n\t\t\t\t\t<\/div>\n\t\t<\/div>\n\t\t\t\t\t<\/div>\n\t\t<\/section>\n\t\t\t\t\t<\/div>\n\t\t<\/div>\n\t\t\t\t\t<\/div>\n\t\t<\/section>\n\t\t\t\t<section class=\"elementor-section elementor-top-section elementor-element elementor-element-a6500de elementor-section-content-middle elementor-section-boxed elementor-section-height-default elementor-section-height-default\" data-id=\"a6500de\" data-element_type=\"section\" data-settings=\"{&quot;background_background&quot;:&quot;classic&quot;}\">\n\t\t\t\t\t\t<div class=\"elementor-container elementor-column-gap-no\">\n\t\t\t\t\t<div class=\"elementor-column elementor-col-50 elementor-top-column elementor-element elementor-element-b5a5cde\" data-id=\"b5a5cde\" data-element_type=\"column\">\n\t\t\t<div class=\"elementor-widget-wrap elementor-element-populated\">\n\t\t\t\t\t\t<div class=\"elementor-element elementor-element-e960c5f elementor-widget elementor-widget-image\" data-id=\"e960c5f\" data-element_type=\"widget\" data-widget_type=\"image.default\">\n\t\t\t\t<div class=\"elementor-widget-container\">\n\t\t\t\t\t\t\t\t\t\t\t\t\t\t\t<img fetchpriority=\"high\" decoding=\"async\" width=\"960\" height=\"480\" src=\"https:\/\/centralmotocar.com.br\/wp-content\/uploads\/2022\/03\/Design-sem-nome-27.png\" class=\"attachment-full size-full wp-image-1230\" alt=\"\" srcset=\"https:\/\/centralmotocar.com.br\/wp-content\/uploads\/2022\/03\/Design-sem-nome-27.png 960w, https:\/\/centralmotocar.com.br\/wp-content\/uploads\/2022\/03\/Design-sem-nome-27-300x150.png 300w, https:\/\/centralmotocar.com.br\/wp-content\/uploads\/2022\/03\/Design-sem-nome-27-768x384.png 768w\" sizes=\"(max-width: 960px) 100vw, 960px\" \/>\t\t\t\t\t\t\t\t\t\t\t\t\t\t\t<\/div>\n\t\t\t\t<\/div>\n\t\t\t\t\t<\/div>\n\t\t<\/div>\n\t\t\t\t<div class=\"elementor-column elementor-col-50 elementor-top-column elementor-element elementor-element-ecb4cb6\" data-id=\"ecb4cb6\" data-element_type=\"column\">\n\t\t\t<div class=\"elementor-widget-wrap elementor-element-populated\">\n\t\t\t\t\t\t<div class=\"elementor-element elementor-element-8cd1e51 elementor-widget elementor-widget-heading\" data-id=\"8cd1e51\" data-element_type=\"widget\" data-widget_type=\"heading.default\">\n\t\t\t\t<div class=\"elementor-widget-container\">\n\t\t\t\t\t<h6 class=\"elementor-heading-title elementor-size-default\">sobre a empresa<\/h6>\t\t\t\t<\/div>\n\t\t\t\t<\/div>\n\t\t\t\t<div class=\"elementor-element elementor-element-51cf7e6 elementor-widget elementor-widget-heading\" data-id=\"51cf7e6\" data-element_type=\"widget\" data-widget_type=\"heading.default\">\n\t\t\t\t<div class=\"elementor-widget-container\">\n\t\t\t\t\t<h3 class=\"elementor-heading-title elementor-size-default\">com muito trabalho<\/h3>\t\t\t\t<\/div>\n\t\t\t\t<\/div>\n\t\t\t\t<div class=\"elementor-element elementor-element-2fb0e9e elementor-widget elementor-widget-text-editor\" data-id=\"2fb0e9e\" data-element_type=\"widget\" data-widget_type=\"text-editor.default\">\n\t\t\t\t<div class=\"elementor-widget-container\">\n\t\t\t\t\t\t\t\t\t<p>A empresa foi fundada em 2007 na parceria entre dois irm\u00e3os, que com seus conhecimentos resolveram empreender.<\/p>\t\t\t\t\t\t\t\t<\/div>\n\t\t\t\t<\/div>\n\t\t\t\t<div class=\"elementor-element elementor-element-f8a7a50 elementor-widget elementor-widget-text-editor\" data-id=\"f8a7a50\" data-element_type=\"widget\" data-widget_type=\"text-editor.default\">\n\t\t\t\t<div class=\"elementor-widget-container\">\n\t\t\t\t\t\t\t\t\t<p>Hoje ap\u00f3s 15 anos de atua\u00e7\u00e3o no ramo oferecemos uma gama de produtos e servi\u00e7os que se destacam no mercado local.<\/p>\t\t\t\t\t\t\t\t<\/div>\n\t\t\t\t<\/div>\n\t\t\t\t<div class=\"elementor-element elementor-element-5beed51 elementor-widget elementor-widget-image\" data-id=\"5beed51\" data-element_type=\"widget\" data-widget_type=\"image.default\">\n\t\t\t\t<div class=\"elementor-widget-container\">\n\t\t\t\t\t\t\t\t\t\t\t\t\t\t\t<img decoding=\"async\" src=\"https:\/\/centralmotocar.com.br\/wp-content\/uploads\/2020\/11\/signature-1.svg\" class=\"attachment-full size-full wp-image-90\" alt=\"\" \/>\t\t\t\t\t\t\t\t\t\t\t\t\t\t\t<\/div>\n\t\t\t\t<\/div>\n\t\t\t\t\t<\/div>\n\t\t<\/div>\n\t\t\t\t\t<\/div>\n\t\t<\/section>\n\t\t\t\t<section class=\"elementor-section elementor-top-section elementor-element elementor-element-99adcf3 elementor-section-boxed elementor-section-height-default elementor-section-height-default\" data-id=\"99adcf3\" data-element_type=\"section\" data-settings=\"{&quot;background_background&quot;:&quot;classic&quot;}\">\n\t\t\t\t\t\t\t<div class=\"elementor-background-overlay\"><\/div>\n\t\t\t\t\t\t\t<div class=\"elementor-container elementor-column-gap-no\">\n\t\t\t\t\t<div class=\"elementor-column elementor-col-100 elementor-top-column elementor-element elementor-element-7194f72\" data-id=\"7194f72\" data-element_type=\"column\">\n\t\t\t<div class=\"elementor-widget-wrap elementor-element-populated\">\n\t\t\t\t\t\t\t<\/div>\n\t\t<\/div>\n\t\t\t\t\t<\/div>\n\t\t<\/section>\n\t\t\t\t<section class=\"elementor-section elementor-top-section elementor-element elementor-element-4535e6c elementor-section-boxed elementor-section-height-default elementor-section-height-default\" data-id=\"4535e6c\" data-element_type=\"section\" data-settings=\"{&quot;background_background&quot;:&quot;classic&quot;}\">\n\t\t\t\t\t\t<div class=\"elementor-container elementor-column-gap-no\">\n\t\t\t\t\t<div class=\"elementor-column elementor-col-100 elementor-top-column elementor-element elementor-element-a8abf86\" data-id=\"a8abf86\" data-element_type=\"column\">\n\t\t\t<div class=\"elementor-widget-wrap elementor-element-populated\">\n\t\t\t\t\t\t<div class=\"elementor-element elementor-element-ebd7840 elementor-widget elementor-widget-heading\" data-id=\"ebd7840\" data-element_type=\"widget\" data-widget_type=\"heading.default\">\n\t\t\t\t<div class=\"elementor-widget-container\">\n\t\t\t\t\t<h6 class=\"elementor-heading-title elementor-size-default\">nossa equipe <\/h6>\t\t\t\t<\/div>\n\t\t\t\t<\/div>\n\t\t\t\t<div class=\"elementor-element elementor-element-57653e2 elementor-widget elementor-widget-heading\" data-id=\"57653e2\" data-element_type=\"widget\" data-widget_type=\"heading.default\">\n\t\t\t\t<div class=\"elementor-widget-container\">\n\t\t\t\t\t<h2 class=\"elementor-heading-title elementor-size-default\">especialistas<\/h2>\t\t\t\t<\/div>\n\t\t\t\t<\/div>\n\t\t\t\t<div class=\"elementor-element elementor-element-ac7f162 elementor-widget elementor-widget-text-editor\" data-id=\"ac7f162\" data-element_type=\"widget\" data-widget_type=\"text-editor.default\">\n\t\t\t\t<div class=\"elementor-widget-container\">\n\t\t\t\t\t\t\t\t\t<p>Equipe qualificada\u00a0<\/p>\t\t\t\t\t\t\t\t<\/div>\n\t\t\t\t<\/div>\n\t\t\t\t<section class=\"elementor-section elementor-inner-section elementor-element elementor-element-281bc00 elementor-section-boxed elementor-section-height-default elementor-section-height-default\" data-id=\"281bc00\" data-element_type=\"section\">\n\t\t\t\t\t\t<div class=\"elementor-container elementor-column-gap-no\">\n\t\t\t\t\t<div class=\"elementor-column elementor-col-20 elementor-inner-column elementor-element elementor-element-7161a44\" data-id=\"7161a44\" data-element_type=\"column\">\n\t\t\t<div class=\"elementor-widget-wrap elementor-element-populated\">\n\t\t\t\t\t\t<div class=\"elementor-element elementor-element-16be7c9 elementor-widget elementor-widget-image\" data-id=\"16be7c9\" data-element_type=\"widget\" data-widget_type=\"image.default\">\n\t\t\t\t<div class=\"elementor-widget-container\">\n\t\t\t\t\t\t\t\t\t\t\t\t\t\t\t<img decoding=\"async\" width=\"1441\" height=\"2560\" src=\"https:\/\/centralmotocar.com.br\/wp-content\/uploads\/2022\/03\/oficina-de-moto-em-ijui-1-scaled.jpg\" class=\"attachment-full size-full wp-image-1382\" alt=\"\" srcset=\"https:\/\/centralmotocar.com.br\/wp-content\/uploads\/2022\/03\/oficina-de-moto-em-ijui-1-scaled.jpg 1441w, https:\/\/centralmotocar.com.br\/wp-content\/uploads\/2022\/03\/oficina-de-moto-em-ijui-1-169x300.jpg 169w, https:\/\/centralmotocar.com.br\/wp-content\/uploads\/2022\/03\/oficina-de-moto-em-ijui-1-577x1024.jpg 577w, https:\/\/centralmotocar.com.br\/wp-content\/uploads\/2022\/03\/oficina-de-moto-em-ijui-1-768x1364.jpg 768w, https:\/\/centralmotocar.com.br\/wp-content\/uploads\/2022\/03\/oficina-de-moto-em-ijui-1-865x1536.jpg 865w, https:\/\/centralmotocar.com.br\/wp-content\/uploads\/2022\/03\/oficina-de-moto-em-ijui-1-1153x2048.jpg 1153w\" sizes=\"(max-width: 1441px) 100vw, 1441px\" \/>\t\t\t\t\t\t\t\t\t\t\t\t\t\t\t<\/div>\n\t\t\t\t<\/div>\n\t\t\t\t<div class=\"elementor-element elementor-element-4489124 elementor-vertical-align-top elementor-widget elementor-widget-image-box\" data-id=\"4489124\" data-element_type=\"widget\" data-widget_type=\"image-box.default\">\n\t\t\t\t<div class=\"elementor-widget-container\">\n\t\t\t\t\t<div class=\"elementor-image-box-wrapper\"><div class=\"elementor-image-box-content\"><h4 class=\"elementor-image-box-title\">Nilson Gilberto Michael<\/h4><p class=\"elementor-image-box-description\">s\u00f3cio fundador<\/p><\/div><\/div>\t\t\t\t<\/div>\n\t\t\t\t<\/div>\n\t\t\t\t\t<\/div>\n\t\t<\/div>\n\t\t\t\t<div class=\"elementor-column elementor-col-20 elementor-inner-column elementor-element elementor-element-6ac29c7\" data-id=\"6ac29c7\" data-element_type=\"column\">\n\t\t\t<div class=\"elementor-widget-wrap elementor-element-populated\">\n\t\t\t\t\t\t<div class=\"elementor-element elementor-element-05a66a5 elementor-widget elementor-widget-image\" data-id=\"05a66a5\" data-element_type=\"widget\" data-widget_type=\"image.default\">\n\t\t\t\t<div class=\"elementor-widget-container\">\n\t\t\t\t\t\t\t\t\t\t\t\t\t\t\t<img decoding=\"async\" width=\"1441\" height=\"2560\" src=\"https:\/\/centralmotocar.com.br\/wp-content\/uploads\/2022\/03\/oficina-de-moto-em-ijui-4-scaled.jpg\" class=\"attachment-full size-full wp-image-1381\" alt=\"\" srcset=\"https:\/\/centralmotocar.com.br\/wp-content\/uploads\/2022\/03\/oficina-de-moto-em-ijui-4-scaled.jpg 1441w, https:\/\/centralmotocar.com.br\/wp-content\/uploads\/2022\/03\/oficina-de-moto-em-ijui-4-169x300.jpg 169w, https:\/\/centralmotocar.com.br\/wp-content\/uploads\/2022\/03\/oficina-de-moto-em-ijui-4-577x1024.jpg 577w, https:\/\/centralmotocar.com.br\/wp-content\/uploads\/2022\/03\/oficina-de-moto-em-ijui-4-768x1364.jpg 768w, https:\/\/centralmotocar.com.br\/wp-content\/uploads\/2022\/03\/oficina-de-moto-em-ijui-4-865x1536.jpg 865w, https:\/\/centralmotocar.com.br\/wp-content\/uploads\/2022\/03\/oficina-de-moto-em-ijui-4-1153x2048.jpg 1153w\" sizes=\"(max-width: 1441px) 100vw, 1441px\" \/>\t\t\t\t\t\t\t\t\t\t\t\t\t\t\t<\/div>\n\t\t\t\t<\/div>\n\t\t\t\t<div class=\"elementor-element elementor-element-d972c16 elementor-vertical-align-top elementor-widget elementor-widget-image-box\" data-id=\"d972c16\" data-element_type=\"widget\" data-widget_type=\"image-box.default\">\n\t\t\t\t<div class=\"elementor-widget-container\">\n\t\t\t\t\t<div class=\"elementor-image-box-wrapper\"><div class=\"elementor-image-box-content\"><h4 class=\"elementor-image-box-title\">Mauricio cavalheiro rolin<\/h4><p class=\"elementor-image-box-description\">Mec\u00e2nico<\/p><\/div><\/div>\t\t\t\t<\/div>\n\t\t\t\t<\/div>\n\t\t\t\t\t<\/div>\n\t\t<\/div>\n\t\t\t\t<div class=\"elementor-column elementor-col-20 elementor-inner-column elementor-element elementor-element-53b4371\" data-id=\"53b4371\" data-element_type=\"column\">\n\t\t\t<div class=\"elementor-widget-wrap elementor-element-populated\">\n\t\t\t\t\t\t<div class=\"elementor-element elementor-element-92a5c63 elementor-widget elementor-widget-image\" data-id=\"92a5c63\" data-element_type=\"widget\" data-widget_type=\"image.default\">\n\t\t\t\t<div class=\"elementor-widget-container\">\n\t\t\t\t\t\t\t\t\t\t\t\t\t\t\t<img loading=\"lazy\" decoding=\"async\" width=\"1441\" height=\"2560\" src=\"https:\/\/centralmotocar.com.br\/wp-content\/uploads\/2022\/03\/oficina-de-moto-em-ijui-2-scaled.jpg\" class=\"attachment-full size-full wp-image-1383\" alt=\"\" srcset=\"https:\/\/centralmotocar.com.br\/wp-content\/uploads\/2022\/03\/oficina-de-moto-em-ijui-2-scaled.jpg 1441w, https:\/\/centralmotocar.com.br\/wp-content\/uploads\/2022\/03\/oficina-de-moto-em-ijui-2-169x300.jpg 169w, https:\/\/centralmotocar.com.br\/wp-content\/uploads\/2022\/03\/oficina-de-moto-em-ijui-2-577x1024.jpg 577w, https:\/\/centralmotocar.com.br\/wp-content\/uploads\/2022\/03\/oficina-de-moto-em-ijui-2-768x1364.jpg 768w, https:\/\/centralmotocar.com.br\/wp-content\/uploads\/2022\/03\/oficina-de-moto-em-ijui-2-865x1536.jpg 865w, https:\/\/centralmotocar.com.br\/wp-content\/uploads\/2022\/03\/oficina-de-moto-em-ijui-2-1153x2048.jpg 1153w\" sizes=\"(max-width: 1441px) 100vw, 1441px\" \/>\t\t\t\t\t\t\t\t\t\t\t\t\t\t\t<\/div>\n\t\t\t\t<\/div>\n\t\t\t\t<div class=\"elementor-element elementor-element-89b28e9 elementor-vertical-align-top elementor-widget elementor-widget-image-box\" data-id=\"89b28e9\" data-element_type=\"widget\" data-widget_type=\"image-box.default\">\n\t\t\t\t<div class=\"elementor-widget-container\">\n\t\t\t\t\t<div class=\"elementor-image-box-wrapper\"><div class=\"elementor-image-box-content\"><h4 class=\"elementor-image-box-title\">Mateus zawatski<\/h4><p class=\"elementor-image-box-description\">mec\u00e2nico<\/p><\/div><\/div>\t\t\t\t<\/div>\n\t\t\t\t<\/div>\n\t\t\t\t\t<\/div>\n\t\t<\/div>\n\t\t\t\t<div class=\"elementor-column elementor-col-20 elementor-inner-column elementor-element elementor-element-6ca5bce\" data-id=\"6ca5bce\" data-element_type=\"column\">\n\t\t\t<div class=\"elementor-widget-wrap elementor-element-populated\">\n\t\t\t\t\t\t<div class=\"elementor-element elementor-element-f3eb2a2 elementor-widget elementor-widget-image\" data-id=\"f3eb2a2\" data-element_type=\"widget\" data-widget_type=\"image.default\">\n\t\t\t\t<div class=\"elementor-widget-container\">\n\t\t\t\t\t\t\t\t\t\t\t\t\t\t\t<img loading=\"lazy\" decoding=\"async\" width=\"1441\" height=\"2560\" src=\"https:\/\/centralmotocar.com.br\/wp-content\/uploads\/2022\/03\/oficina-de-moto-em-ijui-3-scaled.jpg\" class=\"attachment-full size-full wp-image-1384\" alt=\"\" srcset=\"https:\/\/centralmotocar.com.br\/wp-content\/uploads\/2022\/03\/oficina-de-moto-em-ijui-3-scaled.jpg 1441w, https:\/\/centralmotocar.com.br\/wp-content\/uploads\/2022\/03\/oficina-de-moto-em-ijui-3-169x300.jpg 169w, https:\/\/centralmotocar.com.br\/wp-content\/uploads\/2022\/03\/oficina-de-moto-em-ijui-3-577x1024.jpg 577w, https:\/\/centralmotocar.com.br\/wp-content\/uploads\/2022\/03\/oficina-de-moto-em-ijui-3-768x1364.jpg 768w, https:\/\/centralmotocar.com.br\/wp-content\/uploads\/2022\/03\/oficina-de-moto-em-ijui-3-865x1536.jpg 865w, https:\/\/centralmotocar.com.br\/wp-content\/uploads\/2022\/03\/oficina-de-moto-em-ijui-3-1153x2048.jpg 1153w\" sizes=\"(max-width: 1441px) 100vw, 1441px\" \/>\t\t\t\t\t\t\t\t\t\t\t\t\t\t\t<\/div>\n\t\t\t\t<\/div>\n\t\t\t\t<div class=\"elementor-element elementor-element-2240797 elementor-vertical-align-top elementor-widget elementor-widget-image-box\" data-id=\"2240797\" data-element_type=\"widget\" data-widget_type=\"image-box.default\">\n\t\t\t\t<div class=\"elementor-widget-container\">\n\t\t\t\t\t<div class=\"elementor-image-box-wrapper\"><div class=\"elementor-image-box-content\"><h4 class=\"elementor-image-box-title\">Mauri Schroer J\u00fanior<\/h4><p class=\"elementor-image-box-description\">Mec\u00e2nico<\/p><\/div><\/div>\t\t\t\t<\/div>\n\t\t\t\t<\/div>\n\t\t\t\t\t<\/div>\n\t\t<\/div>\n\t\t\t\t<div class=\"elementor-column elementor-col-20 elementor-inner-column elementor-element elementor-element-ae551cf\" data-id=\"ae551cf\" data-element_type=\"column\">\n\t\t\t<div class=\"elementor-widget-wrap elementor-element-populated\">\n\t\t\t\t\t\t<div class=\"elementor-element elementor-element-a62a6e5 elementor-widget elementor-widget-image\" data-id=\"a62a6e5\" data-element_type=\"widget\" data-widget_type=\"image.default\">\n\t\t\t\t<div class=\"elementor-widget-container\">\n\t\t\t\t\t\t\t\t\t\t\t\t\t\t\t<img loading=\"lazy\" decoding=\"async\" width=\"1441\" height=\"2560\" src=\"https:\/\/centralmotocar.com.br\/wp-content\/uploads\/2022\/03\/20220329_160744-scaled.jpg\" class=\"attachment-full size-full wp-image-1395\" alt=\"\" srcset=\"https:\/\/centralmotocar.com.br\/wp-content\/uploads\/2022\/03\/20220329_160744-scaled.jpg 1441w, https:\/\/centralmotocar.com.br\/wp-content\/uploads\/2022\/03\/20220329_160744-169x300.jpg 169w, https:\/\/centralmotocar.com.br\/wp-content\/uploads\/2022\/03\/20220329_160744-577x1024.jpg 577w, https:\/\/centralmotocar.com.br\/wp-content\/uploads\/2022\/03\/20220329_160744-768x1364.jpg 768w, https:\/\/centralmotocar.com.br\/wp-content\/uploads\/2022\/03\/20220329_160744-865x1536.jpg 865w, https:\/\/centralmotocar.com.br\/wp-content\/uploads\/2022\/03\/20220329_160744-1153x2048.jpg 1153w\" sizes=\"(max-width: 1441px) 100vw, 1441px\" \/>\t\t\t\t\t\t\t\t\t\t\t\t\t\t\t<\/div>\n\t\t\t\t<\/div>\n\t\t\t\t<div class=\"elementor-element elementor-element-4744be9 elementor-vertical-align-top elementor-widget elementor-widget-image-box\" data-id=\"4744be9\" data-element_type=\"widget\" data-widget_type=\"image-box.default\">\n\t\t\t\t<div class=\"elementor-widget-container\">\n\t\t\t\t\t<div class=\"elementor-image-box-wrapper\"><div class=\"elementor-image-box-content\"><h4 class=\"elementor-image-box-title\">Jean carlos Porazzi<\/h4><p class=\"elementor-image-box-description\">comercial<\/p><\/div><\/div>\t\t\t\t<\/div>\n\t\t\t\t<\/div>\n\t\t\t\t\t<\/div>\n\t\t<\/div>\n\t\t\t\t\t<\/div>\n\t\t<\/section>\n\t\t\t\t\t<\/div>\n\t\t<\/div>\n\t\t\t\t\t<\/div>\n\t\t<\/section>\n\t\t\t\t<\/div>\n\t\t","protected":false},"excerpt":{"rendered":"<p>neg\u00f3cio de familia A garantia de um bom atendimento aliada a muito conhecimento para satisfazer nossos clientes\u00a0 sobre a empresa com muito trabalho A empresa foi fundada em 2007 na parceria entre dois irm\u00e3os, que com seus conhecimentos resolveram empreender. Hoje ap\u00f3s 15 anos de atua\u00e7\u00e3o no ramo oferecemos uma gama de produtos e servi\u00e7os &hellip;<\/p>\n<p class=\"read-more\"> <a class=\"\" href=\"https:\/\/centralmotocar.com.br\/?page_id=896\"> <span class=\"screen-reader-text\">Sobre n\u00f3s<\/span> Leia mais &raquo;<\/a><\/p>\n","protected":false},"author":1,"featured_media":0,"parent":0,"menu_order":0,"comment_status":"closed","ping_status":"closed","template":"","meta":{"site-sidebar-layout":"no-sidebar","site-content-layout":"page-builder","ast-global-header-display":"","ast-main-header-display":"","ast-hfb-above-header-display":"","ast-hfb-below-header-display":"","ast-hfb-mobile-header-display":"","site-post-title":"disabled","ast-breadcrumbs-content":"","ast-featured-img":"disabled","footer-sml-layout":"","theme-transparent-header-meta":"enabled","adv-header-id-meta":"","stick-header-meta":"","header-above-stick-meta":"","header-main-stick-meta":"","header-below-stick-meta":"","footnotes":""},"class_list":["post-896","page","type-page","status-publish","hentry"],"_links":{"self":[{"href":"https:\/\/centralmotocar.com.br\/index.php?rest_route=\/wp\/v2\/pages\/896","targetHints":{"allow":["GET"]}}],"collection":[{"href":"https:\/\/centralmotocar.com.br\/index.php?rest_route=\/wp\/v2\/pages"}],"about":[{"href":"https:\/\/centralmotocar.com.br\/index.php?rest_route=\/wp\/v2\/types\/page"}],"author":[{"embeddable":true,"href":"https:\/\/centralmotocar.com.br\/index.php?rest_route=\/wp\/v2\/users\/1"}],"replies":[{"embeddable":true,"href":"https:\/\/centralmotocar.com.br\/index.php?rest_route=%2Fwp%2Fv2%2Fcomments&post=896"}],"version-history":[{"count":8,"href":"https:\/\/centralmotocar.com.br\/index.php?rest_route=\/wp\/v2\/pages\/896\/revisions"}],"predecessor-version":[{"id":1425,"href":"https:\/\/centralmotocar.com.br\/index.php?rest_route=\/wp\/v2\/pages\/896\/revisions\/1425"}],"wp:attachment":[{"href":"https:\/\/centralmotocar.com.br\/index.php?rest_route=%2Fwp%2Fv2%2Fmedia&parent=896"}],"curies":[{"name":"wp","href":"https:\/\/api.w.org\/{rel}","templated":true}]}}